{"id":342,"date":"2026-01-13T11:47:44","date_gmt":"2026-01-13T14:47:44","guid":{"rendered":"https:\/\/www.academialumina.com\/blog\/?post_type=product&#038;p=342"},"modified":"2026-01-13T20:34:39","modified_gmt":"2026-01-13T23:34:39","slug":"taller-de-escritura-academica","status":"publish","type":"product","link":"https:\/\/www.academialumina.com\/blog\/producto\/taller-de-escritura-academica\/","title":{"rendered":"Taller de Escritura Acad\u00e9mica"},"content":{"rendered":"<p><span style=\"font-weight: 400;\">El taller<\/span> de<b> Escritura Acad\u00e9mica<\/b><span style=\"font-weight: 400;\"> est\u00e1 pensado para ser una experiencia compartida en <strong>10<\/strong><\/span><b> clases online de 1 hora<\/b><span style=\"font-weight: 400;\">, enfocado desde un punto de vista pr\u00e1ctico, din\u00e1mico y sencillo de abordar.<\/span><\/p>\n<p><strong>\u00bfQuieres que tus escritos acad\u00e9micos reflejen con precisi\u00f3n tus ideas y tengan impacto? Este taller es para ti.<\/strong><\/p>\n<p>A trav\u00e9s de un recorrido completo por <strong>6\u00a0m\u00f3dulos clave<\/strong>, te acompa\u00f1aremos en el proceso de convertir pensamientos en textos acad\u00e9micos bien estructurados:<\/p>\n<ul>\n<li><strong>M\u00f3dulo 1:<\/strong> C\u00f3mo ordenar ideas y plasmarlas en un texto acad\u00e9mico.<\/li>\n<li><strong>M\u00f3dulo 2:<\/strong> <span style=\"font-weight: 400;\">Signos de puntuaci\u00f3n. Sintaxis y redacci\u00f3n acad\u00e9mica eficaz: econom\u00eda de texto. Normas RAE.<\/span><\/li>\n<li><strong>M\u00f3dulo 3:<\/strong> Citas y parafraseo seg\u00fan normas APA (7ma edici\u00f3n) y normas MLA.<\/li>\n<li><strong>M\u00f3dulo 4:<\/strong> <span style=\"font-weight: 400;\">Argumentaci\u00f3n con citas de autoridad y razonamiento cr\u00edtico.<\/span><\/li>\n<li><strong>M\u00f3dulo 5:<\/strong> Elaboraci\u00f3n de bibliograf\u00eda seg\u00fan el tipo de material.<\/li>\n<li><strong>M\u00f3dulo 6:<\/strong> Conclusiones: tipos y formas de cerrar un texto acad\u00e9mico.<\/li>\n<\/ul>\n<p>\ud83d\udc49 Al finalizar, tendr\u00e1s las herramientas para redactar con claridad, rigor y estilo, logrando que tu escritura acad\u00e9mica sea convincente y profesional.<\/p>\n<p>Este taller no solo te ense\u00f1a a escribir: te ense\u00f1a a <strong>pensar y comunicar<\/strong> de manera acad\u00e9mica.<\/p>\n<p><img decoding=\"async\" src=\"https:\/\/www.academialumina.com\/images\/courses-lumina-5.jpg\" alt=\"Taller de Escritura Acad\u00e9mica\" \/><\/p>\n","protected":false},"excerpt":{"rendered":"<p>El <strong>Taller de Escritura Acad\u00e9mica<\/strong> se compone de<strong> 10 clases online<\/strong> que est\u00e1n elaboradas para quienes desean transformar sus ideas en textos claros, coherentes y rigurosos. A lo largo de seis m\u00f3dulos pr\u00e1cticos, aprender\u00e1s a ordenar pensamientos, aplicar estructuras acad\u00e9micas de escritura, dominar normas de citaci\u00f3n, perfeccionar tu redacci\u00f3n y construir argumentos s\u00f3lidos. Este taller te guiar\u00e1 paso a paso para que tus trabajos acad\u00e9micos \u2014monograf\u00edas, art\u00edculos, tesis\u2014 alcancen un nivel profesional y convincente.<\/p>\n<div><\/div>\n","protected":false},"featured_media":360,"comment_status":"open","ping_status":"closed","template":"","meta":{"om_disable_all_campaigns":false},"product_brand":[],"product_cat":[94],"product_tag":[],"class_list":{"0":"post-342","1":"product","2":"type-product","3":"status-publish","4":"has-post-thumbnail","6":"product_cat-talleres","8":"first","9":"instock","10":"downloadable","11":"virtual","12":"purchasable","13":"product-type-simple"},"aioseo_notices":[],"_links":{"self":[{"href":"https:\/\/www.academialumina.com\/blog\/wp-json\/wp\/v2\/product\/342","targetHints":{"allow":["GET"]}}],"collection":[{"href":"https:\/\/www.academialumina.com\/blog\/wp-json\/wp\/v2\/product"}],"about":[{"href":"https:\/\/www.academialumina.com\/blog\/wp-json\/wp\/v2\/types\/product"}],"replies":[{"embeddable":true,"href":"https:\/\/www.academialumina.com\/blog\/wp-json\/wp\/v2\/comments?post=342"}],"wp:featuredmedia":[{"embeddable":true,"href":"https:\/\/www.academialumina.com\/blog\/wp-json\/wp\/v2\/media\/360"}],"wp:attachment":[{"href":"https:\/\/www.academialumina.com\/blog\/wp-json\/wp\/v2\/media?parent=342"}],"wp:term":[{"taxonomy":"product_brand","embeddable":true,"href":"https:\/\/www.academialumina.com\/blog\/wp-json\/wp\/v2\/product_brand?post=342"},{"taxonomy":"product_cat","embeddable":true,"href":"https:\/\/www.academialumina.com\/blog\/wp-json\/wp\/v2\/product_cat?post=342"},{"taxonomy":"product_tag","embeddable":true,"href":"https:\/\/www.academialumina.com\/blog\/wp-json\/wp\/v2\/product_tag?post=342"}],"curies":[{"name":"wp","href":"https:\/\/api.w.org\/{rel}","templated":true}]}}