{"id":320,"date":"2026-01-12T20:55:59","date_gmt":"2026-01-12T23:55:59","guid":{"rendered":"https:\/\/www.academialumina.com\/blog\/?post_type=product&#038;p=320"},"modified":"2026-01-16T11:47:35","modified_gmt":"2026-01-16T14:47:35","slug":"preparacion-examen-de-espanol","status":"publish","type":"product","link":"https:\/\/www.academialumina.com\/blog\/producto\/preparacion-examen-de-espanol\/","title":{"rendered":"Preparaci\u00f3n examen de Espa\u00f1ol"},"content":{"rendered":"<p>Promo cuponera de <strong>9 clases online para preparaci\u00f3n de examen <\/strong>(se puede abonar en cuotas por Mercado Pago). Esta opci\u00f3n <strong>incluye material completo<\/strong> para preparaci\u00f3n de un examen, con <strong>res\u00famenes y esquemas<\/strong> de todos los temas. A su vez, se incluye tareas, actividades y posibles preguntas de ex\u00e1menes.<\/p>\n<p>&nbsp;<\/p>\n<p>&nbsp;<\/p>\n","protected":false},"excerpt":{"rendered":"<p>Esta promo de <strong>9 clases online te permite preprar el examen de Espa\u00f1ol o Lengua Espa\u00f1ola (secundaria) completo, teniendo la posibilidad de agregar m\u00e1s clases (con el precio promocional) en caso de necesitar reforzar temas o repasar.<\/strong><\/p>\n<p>La prepraci\u00f3n <strong>incluye material completo<\/strong> para preparaci\u00f3n de un examen, con <strong>res\u00famenes y esquemas<\/strong> de todos los temas. A su vez, se incluye tareas, actividades y posibles preguntas de ex\u00e1menes.<\/p>\n<p>Me gusta dar clases din\u00e1micas: utilizando diapositivas, trabajos pr\u00e1cticos con pantalla compartida, juegos online y \u00a1mucho m\u00e1s! Siempre enfocadas en lo que se necesita aprender y con la mejor disposici\u00f3n para ense\u00f1ar. Luego de la clase se env\u00eda todo el material por mail, normalmente acompa\u00f1ado de ejercicios o juegos online.<\/p>\n<p>Tengo mucha experiencia dando clases en l\u00ednea y certificaciones en tecnopedagog\u00eda, por lo cual, mis clases hacen la diferencia.<\/p>\n","protected":false},"featured_media":363,"comment_status":"open","ping_status":"closed","template":"","meta":{"om_disable_all_campaigns":false},"product_brand":[],"product_cat":[91],"product_tag":[],"class_list":{"0":"post-320","1":"product","2":"type-product","3":"status-publish","4":"has-post-thumbnail","6":"product_cat-preparacion-de-examenes","8":"first","9":"instock","10":"downloadable","11":"virtual","12":"purchasable","13":"product-type-simple"},"aioseo_notices":[],"_links":{"self":[{"href":"https:\/\/www.academialumina.com\/blog\/wp-json\/wp\/v2\/product\/320","targetHints":{"allow":["GET"]}}],"collection":[{"href":"https:\/\/www.academialumina.com\/blog\/wp-json\/wp\/v2\/product"}],"about":[{"href":"https:\/\/www.academialumina.com\/blog\/wp-json\/wp\/v2\/types\/product"}],"replies":[{"embeddable":true,"href":"https:\/\/www.academialumina.com\/blog\/wp-json\/wp\/v2\/comments?post=320"}],"wp:featuredmedia":[{"embeddable":true,"href":"https:\/\/www.academialumina.com\/blog\/wp-json\/wp\/v2\/media\/363"}],"wp:attachment":[{"href":"https:\/\/www.academialumina.com\/blog\/wp-json\/wp\/v2\/media?parent=320"}],"wp:term":[{"taxonomy":"product_brand","embeddable":true,"href":"https:\/\/www.academialumina.com\/blog\/wp-json\/wp\/v2\/product_brand?post=320"},{"taxonomy":"product_cat","embeddable":true,"href":"https:\/\/www.academialumina.com\/blog\/wp-json\/wp\/v2\/product_cat?post=320"},{"taxonomy":"product_tag","embeddable":true,"href":"https:\/\/www.academialumina.com\/blog\/wp-json\/wp\/v2\/product_tag?post=320"}],"curies":[{"name":"wp","href":"https:\/\/api.w.org\/{rel}","templated":true}]}}