{"id":217,"date":"2025-02-12T22:40:23","date_gmt":"2025-02-13T01:40:23","guid":{"rendered":"https:\/\/www.academialumina.com\/blog\/?post_type=product&#038;p=217"},"modified":"2026-01-16T11:48:22","modified_gmt":"2026-01-16T14:48:22","slug":"test","status":"publish","type":"product","link":"https:\/\/www.academialumina.com\/blog\/producto\/test\/","title":{"rendered":"Preparaci\u00f3n examen de Derecho"},"content":{"rendered":"<p>Promo cuponera de <strong>9 clases online para preparaci\u00f3n de ex\u00e1menes<\/strong>\u00a0(se puede abonar en cuotas por Mercado Pago). Esta opci\u00f3n <strong>incluye material completo<\/strong> para preparaci\u00f3n de un examen, con <strong>res\u00famenes y esquemas<\/strong> de todos los temas. A su vez, se incluye tareas, actividades y posibles preguntas de ex\u00e1menes.<\/p>\n<p>&nbsp;<\/p>\n<p>&nbsp;<\/p>\n","protected":false},"excerpt":{"rendered":"<p>Esta promo de <strong>9 clases online te permite preprar el examen de Derecho completo, teniendo la posibilidad de agregar m\u00e1s clases (con el precio promocional) en caso de necesitar reforzar temas o repasar.<\/strong><\/p>\n<p>La prepraci\u00f3n <strong>incluye material completo<\/strong> para preparaci\u00f3n de un examen, con <strong>res\u00famenes y esquemas<\/strong> de todos los temas. A su vez, se incluye tareas, actividades y posibles preguntas de ex\u00e1menes.<\/p>\n<p>Me gusta dar clases din\u00e1micas: utilizando diapositivas, trabajos pr\u00e1cticos con pantalla compartida, juegos online y \u00a1mucho m\u00e1s! Siempre enfocadas en lo que se necesita aprender y con la mejor disposici\u00f3n para ense\u00f1ar. Luego de la clase se env\u00eda todo el material por mail, normalmente acompa\u00f1ado de ejercicios o juegos online.<\/p>\n<p>Tengo mucha experiencia dando clases en l\u00ednea y certificaciones en tecnopedagog\u00eda, por lo cual, mis clases hacen la diferencia.<\/p>\n","protected":false},"featured_media":364,"comment_status":"open","ping_status":"closed","template":"","meta":{"om_disable_all_campaigns":false},"product_brand":[],"product_cat":[92,91],"product_tag":[90,88],"class_list":{"0":"post-217","1":"product","2":"type-product","3":"status-publish","4":"has-post-thumbnail","6":"product_cat-derecho","7":"product_cat-preparacion-de-examenes","8":"product_tag-examen-de-derecho","9":"product_tag-preparacion-de-examenes","11":"first","12":"instock","13":"downloadable","14":"virtual","15":"purchasable","16":"product-type-simple"},"aioseo_notices":[],"_links":{"self":[{"href":"https:\/\/www.academialumina.com\/blog\/wp-json\/wp\/v2\/product\/217","targetHints":{"allow":["GET"]}}],"collection":[{"href":"https:\/\/www.academialumina.com\/blog\/wp-json\/wp\/v2\/product"}],"about":[{"href":"https:\/\/www.academialumina.com\/blog\/wp-json\/wp\/v2\/types\/product"}],"replies":[{"embeddable":true,"href":"https:\/\/www.academialumina.com\/blog\/wp-json\/wp\/v2\/comments?post=217"}],"wp:featuredmedia":[{"embeddable":true,"href":"https:\/\/www.academialumina.com\/blog\/wp-json\/wp\/v2\/media\/364"}],"wp:attachment":[{"href":"https:\/\/www.academialumina.com\/blog\/wp-json\/wp\/v2\/media?parent=217"}],"wp:term":[{"taxonomy":"product_brand","embeddable":true,"href":"https:\/\/www.academialumina.com\/blog\/wp-json\/wp\/v2\/product_brand?post=217"},{"taxonomy":"product_cat","embeddable":true,"href":"https:\/\/www.academialumina.com\/blog\/wp-json\/wp\/v2\/product_cat?post=217"},{"taxonomy":"product_tag","embeddable":true,"href":"https:\/\/www.academialumina.com\/blog\/wp-json\/wp\/v2\/product_tag?post=217"}],"curies":[{"name":"wp","href":"https:\/\/api.w.org\/{rel}","templated":true}]}}